{"id":110,"date":"2024-12-18T19:17:06","date_gmt":"2024-12-18T18:17:06","guid":{"rendered":"https:\/\/paroisse-notredamedumarlois.fr\/index.php\/materialis\/"},"modified":"2026-05-02T11:32:37","modified_gmt":"2026-05-02T09:32:37","slug":"materialis","status":"publish","type":"page","link":"https:\/\/paroisse-notredamedumarlois.fr\/","title":{"rendered":"Page d&rsquo;accueil"},"content":{"rendered":"<!-- wp:extendstudio\/materialis--><!-- \/wp:extendstudio\/materialis--><!-- wp:extendstudio\/materialis--><!-- \/wp:extendstudio\/materialis--><!-- wp:extendstudio\/materialis--><!-- \/wp:extendstudio\/materialis--><!-- wp:extendstudio\/materialis--><!-- \/wp:extendstudio\/materialis--><!-- wp:extendstudio\/materialis--><!-- \/wp:extendstudio\/materialis--><!-- wp:extendstudio\/materialis--><!-- \/wp:extendstudio\/materialis--><!-- \/wp:extendstudio\/materialis--><!-- \/wp:extendstudio\/materialis--><!-- wp:extendstudio\/materialis--><div  data-label=\"Adorate\" data-id=\"content--4\" data-export-id=\"content-12-materialis\" data-category=\"content\" class=\"content-12m content-section\" id=\"adorate\" style=\"background-color: rgb(245, 250, 253);\"><div > <div  class=\"row middle-xs\"><div  class=\"col-md-5 col-xs-12 col-sm-6 content-left-sm full-col-left-padding col-padding\" data-type=\"column\">  <h3  class=\"\">Moment convivial<\/h3> <p  class=\"space-top-small\">Le dimanche 7 juin, vous \u00eates convi\u00e9s \u00e0 un barbecue organis\u00e9 dans la cour du presbyt\u00e8re.<\/p> <p  class=\"lead\"><\/p><\/div> <div  class=\"col-md-6 col-md-offset-1 col-xs-12 col-sm-6 bag-image mdc-elevation--z0\" data-bg=\"image\" style=\"background-image: url(&quot;http:\/\/paroisse-notredamedumarlois.fr\/wp-content\/uploads\/2026\/05\/cropped-cropped-bbq7626.png&quot;);\"><\/div><\/div> <\/div><\/div><!-- CloudPress Companion Preview Data START --><!-- wp:extendstudio\/materialis--><div  data-label=\"biblique\" data-id=\"content--1\" data-export-id=\"content-8-materialis\" data-category=\"content\" class=\"content-8m content-section-spacing-large content-section\" id=\"biblique\" style=\"background-color: rgb(245, 250, 253);\"><div  class=\"gridContainer\"> <div  class=\"row middle-sm\"><div  class=\"col-md-5 col-xs-12 col-sm-6 space-bottom-xs\" data-type=\"column\">     <a  class=\"link\" href=\"https:\/\/paroisse-notredamedumarlois.fr\/index.php\/2025\/02\/05\/peregrination-des-reliques-sainte-therese-de-lisieux\" target=\"_self\" data-cp-link=\"1\">Parcours Biblique<\/a><p  class=\"\">Prochaine rencontre : 22 mai 2026 \u2013 19h30 \u00e0 21h00&nbsp;<\/p><a  class=\"link\" href=\"https:\/\/paroisse-notredamedumarlois.fr?p=240&amp;preview=true\" target=\"_self\" data-cp-link=\"1\">En savoir plus\u2026<\/a><\/div> <div  class=\"col-md-6 col-md-offset-1 col-xs-12 col-sm-6\"> <img  decoding=\"async\" class=\"mdc-elevation--z9 rounded\" src=\"http:\/\/paroisse-notredamedumarlois.fr\/wp-content\/uploads\/2025\/02\/cropped-biblique-1.jpg\"><\/div> <\/div><\/div> <\/div><!-- \/wp:extendstudio\/materialis--><!-- \/wp:extendstudio\/materialis--><!-- wp:extendstudio\/materialis--><!-- \/wp:extendstudio\/materialis--><!-- CloudPress Companion Preview Data START --><!-- wp:extendstudio\/materialis--><div  id=\"portfolio-2\" style=\"background-color: #ffffff; background-image: none;\" data-label=\"Portfolio\" data-id=\"portfolio-1-materialis\" data-export-id=\"portfolio-1-materialis\" data-category=\"portfolio\" class=\"portfolio-1m content-section\">\n<div  class=\"\">\n<div  class=\"row text-center\" data-type=\"row\" data-fixed=\"true\">\n<div  class=\"col-md-4 col-sm-6 col-xs-12 no-gutter-col\">\n<div  class=\"contentswap-effect contentswap-overlay\" data-hover-fx=\"portfolio-1\" style=\"float: none; margin: 0px; width: 100%;\">\n<div  class=\"initial-image\" style=\"float: none; margin: 0px;\"><img  decoding=\"async\" data-size=\"600x354\" src=\"https:\/\/paroisse-notredamedumarlois.fr\/wp-content\/uploads\/2024\/05\/cropped-cropped-ND-sur-fond-nature-vert.jpg\"><\/div>\n<div  class=\"overlay bg-color-black\" style=\"display: block; transition: opacity 800ms; -webkit-transition-timing-function: ease; -moz-transition-timing-function: ease; -o-transition-timing-function: ease; transition-timing-function: ease;\"><\/div>\n<div  class=\"swap-inner col-xs-12\" style=\"display: block; transition: 800ms; background-color: rgba(0, 0, 0, 0); margin-top: 0px;\">\n<div  class=\"row full-height-row middle-xs\">\n<div  class=\"col-xs-12 text-center white-text\">\n<h4  class=\"font-500\">Maison de retraite<\/h4>\n<a  class=\"button color-white mdc-ripple-upgraded\" href=\"#\" target=\"_self\" data-cp-link=\"1\">Messe \u00e0 15h tous les premiers vendredis du mois<\/a><\/div>\n<\/div>\n<\/div>\n<\/div>\n<\/div>\n<div  class=\"col-md-4 col-sm-6 col-xs-12 no-gutter-col\">\n<div  class=\"contentswap-effect contentswap-overlay\" data-hover-fx=\"portfolio-1\" style=\"float: none; margin: 0px; width: 100%;\">\n<div  class=\"initial-image\" style=\"float: none; margin: 0px;\"><img  decoding=\"async\" data-size=\"600x354\" src=\"https:\/\/paroisse-notredamedumarlois.fr\/wp-content\/uploads\/2026\/04\/cropped-vocations26.jpg\"><\/div>\n<div  class=\"overlay bg-color-black\" style=\"display: block; transition: opacity 800ms; -webkit-transition-timing-function: ease; -moz-transition-timing-function: ease; -o-transition-timing-function: ease; transition-timing-function: ease;\"><\/div>\n<div  class=\"swap-inner col-xs-12\" style=\"display: block; transition: 800ms; background-color: rgba(0, 0, 0, 0); margin-top: 0px;\">\n<div  class=\"row full-height-row middle-xs\">\n<div  class=\"col-xs-12 text-center white-text\">\n<h4  class=\"font-500\">Marche des vocations<\/h4>\n<a  class=\"button color-white mdc-ripple-upgraded\" href=\"https:\/\/paroisse-notredamedumarlois.fr\/index.php\/2025\/03\/01\/jublie-2025\" target=\"_self\" data-cp-link=\"1\">Acc\u00e9der<\/a><\/div>\n<\/div>\n<\/div>\n<\/div>\n<\/div>\n<div  class=\"col-md-4 col-sm-6 col-xs-12 no-gutter-col\">\n<div  class=\"contentswap-effect contentswap-overlay\" data-hover-fx=\"portfolio-1\" style=\"float: none; margin: 0px; width: 100%;\">\n<div  class=\"initial-image\" style=\"float: none; margin: 0px;\"><img  decoding=\"async\" data-size=\"600x354\" src=\"https:\/\/paroisse-notredamedumarlois.fr\/wp-content\/uploads\/2025\/02\/cropped-biblique.jpg\"><\/div>\n<div  class=\"overlay bg-color-black\" style=\"display: block; transition: opacity 800ms; -webkit-transition-timing-function: ease; -moz-transition-timing-function: ease; -o-transition-timing-function: ease; transition-timing-function: ease;\"><\/div>\n<div  class=\"swap-inner col-xs-12\" style=\"display: block; transition: 800ms; background-color: rgba(0, 0, 0, 0); margin-top: 0px;\">\n<div  class=\"row full-height-row middle-xs\">\n<div  class=\"col-xs-12 text-center white-text\">\n<h4  class=\"font-500\">Lecture biblique<\/h4>\n<a  class=\"button color-white mdc-ripple-upgraded\" href=\"https:\/\/paroisse-notredamedumarlois.fr?p=240&amp;preview=true\" target=\"_self\" data-cp-link=\"1\">Acc\u00e9der<\/a><\/div>\n<\/div>\n<\/div>\n<\/div>\n<\/div>\n<div  class=\"col-md-4 col-sm-6 col-xs-12 no-gutter-col\">\n<div  class=\"contentswap-effect contentswap-overlay\" data-hover-fx=\"portfolio-1\" style=\"float: none; margin: 0px; width: 100%;\">\n<div  class=\"initial-image\" style=\"float: none; margin: 0px;\"><img  decoding=\"async\" data-size=\"600x354\" src=\"http:\/\/paroisse-notredamedumarlois.fr\/wp-content\/uploads\/2025\/03\/cropped-louange.jpg\"><\/div>\n<div  class=\"overlay bg-color-black\" style=\"display: block; transition: opacity 800ms; -webkit-transition-timing-function: ease; -moz-transition-timing-function: ease; -o-transition-timing-function: ease; transition-timing-function: ease;\"><\/div>\n<div  class=\"swap-inner col-xs-12\" style=\"display: block; transition: 800ms; background-color: rgba(0, 0, 0, 0); margin-top: 0px;\">\n<div  class=\"row full-height-row middle-xs\">\n<div  class=\"col-xs-12 text-center white-text\">\n<h4  class=\"font-500\">Pri\u00e8re et Louange<\/h4>\n<a  class=\"button color-white mdc-ripple-upgraded\" href=\"#\" target=\"_self\" data-cp-link=\"1\">Acc\u00e9der<\/a><\/div>\n<\/div>\n<\/div>\n<\/div>\n<\/div>\n<div  class=\"col-md-4 col-sm-6 col-xs-12 no-gutter-col\">\n<div  class=\"contentswap-effect contentswap-overlay\" data-hover-fx=\"portfolio-1\" style=\"float: none; margin: 0px; width: 100%;\">\n<div  class=\"initial-image\" style=\"float: none; margin: 0px;\"><img  decoding=\"async\" data-size=\"600x354\" src=\"https:\/\/paroisse-notredamedumarlois.fr\/wp-content\/uploads\/2025\/01\/cropped-Monti.jpg\"><\/div>\n<div  class=\"overlay bg-color-black\" style=\"display: block; transition: opacity 800ms; -webkit-transition-timing-function: ease; -moz-transition-timing-function: ease; -o-transition-timing-function: ease; transition-timing-function: ease;\"><\/div>\n<div  class=\"swap-inner col-xs-12\" style=\"display: block; transition: 800ms; background-color: rgba(0, 0, 0, 0); margin-top: 0px;\">\n<div  class=\"row full-height-row middle-xs\">\n<div  class=\"col-xs-12 text-center white-text\">\n<h4  class=\"font-500\">Bx Luigi Maria Monti \u2013 P\u00e9lerinage<\/h4>\n<a  class=\"button color-white mdc-ripple-upgraded\" href=\"https:\/\/paroisse-notredamedumarlois.fr\/index.php\/2025\/01\/08\/200-ans-de-la-naissance-du-bienheureux-pere-luigi-maria-monti\" target=\"_self\" data-cp-link=\"1\">Voir le projet<\/a><\/div>\n<\/div>\n<\/div>\n<\/div>\n<\/div>\n<div  class=\"col-md-4 col-sm-6 col-xs-12 no-gutter-col\">\n<div  class=\"contentswap-effect contentswap-overlay\" data-hover-fx=\"portfolio-1\" style=\"float: none; margin: 0px; width: 100%;\">\n<div  class=\"initial-image\" style=\"float: none; margin: 0px;\"><img  decoding=\"async\" data-size=\"600x354\" src=\"https:\/\/paroisse-notredamedumarlois.fr\/wp-content\/uploads\/2025\/02\/cropped-cropped-therese.jpg\"><\/div>\n<div  class=\"overlay bg-color-black\" style=\"display: block; transition: opacity 800ms; -webkit-transition-timing-function: ease; -moz-transition-timing-function: ease; -o-transition-timing-function: ease; transition-timing-function: ease;\"><\/div>\n<div  class=\"swap-inner col-xs-12\" style=\"display: block; transition: 800ms; background-color: rgba(0, 0, 0, 0); margin-top: 0px;\">\n<div  class=\"row full-height-row middle-xs\">\n<div  class=\"col-xs-12 text-center white-text\">\n<h4  class=\"font-500\">Sainte Th\u00e9r\u00e8se<\/h4>\n<a  class=\"button color-white mdc-ripple-upgraded\" href=\"https:\/\/paroisse-notredamedumarlois.fr\/index.php\/2025\/02\/05\/peregrination-des-reliques-sainte-therese-de-lisieux\" target=\"_self\" data-cp-link=\"1\">Acc\u00e9der<\/a><\/div>\n<\/div>\n<\/div>\n<\/div>\n<\/div>\n<\/div>\n<\/div>\n<\/div><!-- \/wp:extendstudio\/materialis--><!-- wp:extendstudio\/materialis--><!-- \/wp:extendstudio\/materialis--><!-- CloudPress Companion Preview Data START --><!-- wp:extendstudio\/materialis--><div  data-label=\"Dilexi Te\" data-id=\"content--2\" data-export-id=\"content-7-materialis\" data-category=\"content\" class=\"content-7m content-section-spacing-large content-section\" id=\"dilexi-te\" style=\"background-color: rgb(245, 250, 253);\"><div  class=\"gridContainer\"> <div  class=\"row middle-sm\"><div  class=\"col-md-6 col-xs-12 col-sm-6 col-padding-small-xs\"> <img  decoding=\"async\" class=\"mdc-elevation--z13 img-rounded\" src=\"http:\/\/paroisse-notredamedumarlois.fr\/wp-content\/uploads\/2025\/10\/cropped-papeleon.jpg\"><\/div> <div  class=\"col-md-5 col-md-offset-1 col-xs-12 col-sm-6 content-left-sm col-padding-small-xs\" data-type=\"column\"><p  class=\"\"><b  style=\"text-align: center;\">La premi\u00e8re exhortation apostolique de L\u00e9on XIV, \u00ab&nbsp;Dilexi te&nbsp;\u00bb, est un appel \u00e0 voir dans l\u2019exercice de la charit\u00e9, le c\u0153ur br\u00fblant de la mission de l\u2019\u00c9glise. Le pape L\u00e9on XIV recommande aux catholiques du monde entier \u00abde ne pas baisser la garde face \u00e0 la pauvret\u00e9\u00bb. <br >\n<\/b><\/p>   <a  class=\"link\" href=\"https:\/\/www.vatican.va\/content\/leo-xiv\/fr\/apost_exhortations\/documents\/20251004-dilexi-te.html\" target=\"_self\" data-cp-link=\"1\">Acc\u00e8s \u00e0 l\u2019int\u00e9gralit\u00e9 du texte de l\u2019exhortation.<\/a><\/div> <\/div><\/div> <\/div><!-- CloudPress Companion Preview Data START --><!-- CloudPress Companion Preview Data START --><!-- wp:extendstudio\/materialis--><!-- \/wp:extendstudio\/materialis--><!-- wp:extendstudio\/materialis--><!-- \/wp:extendstudio\/materialis--><!-- wp:extendstudio\/materialis--><!-- \/wp:extendstudio\/materialis--><!-- wp:extendstudio\/materialis--><!-- \/wp:extendstudio\/materialis--><!-- wp:extendstudio\/materialis--><div  id=\"contact-1\" data-label=\"Contact\" data-id=\"contact-1\" data-export-id=\"contact-1\" data-category=\"contact\" class=\"contact-1 content-section content-section-spacing-large content-relative white-text\" data-parallax-depth=\"20\" style=\"background-size: cover; background-position: center top; background-image: url('http:\/\/paroisse-notredamedumarlois.fr\/wp-content\/uploads\/2024\/12\/marlefond1-2.jpg');\">\n<div  class=\"gridContainer\">\n<div  class=\"row text-center\">\n<div  class=\"section-title-col\" data-type=\"column\">\n<h2  class=\"\">Nous contacter<\/h2>\n<p  class=\"lead\">Le presbyt\u00e8re se situe 10 rue Lalouette, \u00e0 Marle. Tel : 03 23 20 02 09. email : Paroisse.marle@soissons.catholique.fr<br ><br >Messes : le dimanche \u00e0 10h30 dans l\u2019\u00e9glise, le jeudi \u00e0 18h au presbyt\u00e8re. Pour les autres c\u00e9l\u00e9brations, se r\u00e9f\u00e9rer au calendrier.<\/p>\n<\/div>\n<\/div>\n<\/div>\n<\/div>","protected":false},"excerpt":{"rendered":"<p>Moment convivial Le dimanche 7 juin, vous \u00eates convi\u00e9s \u00e0 un barbecue organis\u00e9 dans la cour du presbyt\u00e8re. Parcours BibliqueProchaine rencontre : 22 mai 2026 \u2013 19h30 \u00e0 21h00&nbsp;En savoir plus\u2026 Maison de retraite Messe \u00e0 15h tous les premiers vendredis du mois Marche des vocations Acc\u00e9der Lecture biblique Acc\u00e9der Pri\u00e8re et Louange Acc\u00e9der Bx&nbsp;&hellip;<\/p>\n","protected":false},"author":1,"featured_media":0,"parent":0,"menu_order":0,"comment_status":"closed","ping_status":"closed","template":"page-templates\/homepage.php","meta":{"footnotes":""},"class_list":["post-110","page","type-page","status-publish","hentry"],"_links":{"self":[{"href":"https:\/\/paroisse-notredamedumarlois.fr\/index.php\/wp-json\/wp\/v2\/pages\/110","targetHints":{"allow":["GET"]}}],"collection":[{"href":"https:\/\/paroisse-notredamedumarlois.fr\/index.php\/wp-json\/wp\/v2\/pages"}],"about":[{"href":"https:\/\/paroisse-notredamedumarlois.fr\/index.php\/wp-json\/wp\/v2\/types\/page"}],"author":[{"embeddable":true,"href":"https:\/\/paroisse-notredamedumarlois.fr\/index.php\/wp-json\/wp\/v2\/users\/1"}],"replies":[{"embeddable":true,"href":"https:\/\/paroisse-notredamedumarlois.fr\/index.php\/wp-json\/wp\/v2\/comments?post=110"}],"version-history":[{"count":55,"href":"https:\/\/paroisse-notredamedumarlois.fr\/index.php\/wp-json\/wp\/v2\/pages\/110\/revisions"}],"predecessor-version":[{"id":425,"href":"https:\/\/paroisse-notredamedumarlois.fr\/index.php\/wp-json\/wp\/v2\/pages\/110\/revisions\/425"}],"wp:attachment":[{"href":"https:\/\/paroisse-notredamedumarlois.fr\/index.php\/wp-json\/wp\/v2\/media?parent=110"}],"curies":[{"name":"wp","href":"https:\/\/api.w.org\/{rel}","templated":true}]}}