{"id":41,"date":"2024-05-09T09:44:09","date_gmt":"2024-05-09T07:44:09","guid":{"rendered":"https:\/\/paroisse-notredamedumarlois.fr\/?page_id=41"},"modified":"2025-03-01T17:37:45","modified_gmt":"2025-03-01T16:37:45","slug":"onction-des-malades","status":"publish","type":"page","link":"https:\/\/paroisse-notredamedumarlois.fr\/index.php\/celebrer\/onction-des-malades\/","title":{"rendered":"Onction des malades"},"content":{"rendered":"<p>Le\u00a0<a href=\"https:\/\/eglise.catholique.fr\/glossaire\/sacrement\/\">sacrement<\/a>\u00a0de l\u2019onction des malades est assez m\u00e9connu, souvent associ\u00e9 \u00e0 l\u2019extr\u00eame onction (disparue avec Vatican II) et par cons\u00e9quent \u00e0 tout ce qui touche \u00e0 la mort et aux questions existentielles de l\u2019homme.<\/p>\n<p>Le\u00a0<a href=\"https:\/\/eglise.catholique.fr\/glossaire\/sacrement\/\">sacrement<\/a>\u00a0des malades a pour but de donner une aide sp\u00e9ciale au chr\u00e9tien confront\u00e9 aux difficult\u00e9s d\u2019une maladie grave ou de la vieillesse. Le chr\u00e9tien peut recevoir le\u00a0<a href=\"https:\/\/eglise.catholique.fr\/glossaire\/sacrement\">sacrement<\/a>\u00a0des malades chaque fois qu\u2019il est atteint d\u2019une grave maladie. C\u2019est le\u00a0<a href=\"https:\/\/eglise.catholique.fr\/glossaire\/sacrement\/\">sacrement<\/a>\u00a0de la pr\u00e9sence du Seigneur \u00e0 nos c\u00f4t\u00e9s dans les moments d\u2019\u00e9preuves que sont la maladie ou la vieillesse. La c\u00e9l\u00e9bration de ce\u00a0<a href=\"https:\/\/eglise.catholique.fr\/glossaire\/sacrement\/\">sacrement<\/a>\u00a0consiste en l\u2019onction d\u2019huile b\u00e9nite sur le front et en l\u2019imposition des mains. Consacr\u00e9e par l\u2019\u00e9v\u00eaque lors de la\u00a0<a href=\"https:\/\/eglise.catholique.fr\/glossaire\/messe\/\">messe<\/a>\u00a0chrismale annuelle, l\u2019huile dite des malades apporte force et douceur. Elle p\u00e9n\u00e8tre la peau, r\u00e9pand sa bonne odeur et fortifie le corps.<\/p>\n<p>Voici les mots qui accompagnent l\u2019onction avec l\u2019huile sainte sur le front et dans les mains des malades : \u00ab\u00a0<i>Par cette onction sainte, que le Seigneur en sa grande bont\u00e9 vous r\u00e9conforte par la gr\u00e2ce de l\u2019<\/i><a href=\"https:\/\/eglise.catholique.fr\/glossaire\/esprit-saint\/\"><i>Esprit-Saint<\/i><\/a><i>. Ainsi, vous ayant lib\u00e9r\u00e9 de tous p\u00e9ch\u00e9s, qu\u2019Il vous sauve et vous rel\u00e8ve.\u00a0\u00bb<\/i><\/p>\n<p>Avec l\u2019imposition des mains, l\u2019onction rappelle l\u2019attention et la tendresse de J\u00e9sus-Christ envers les personnes malades.<\/p>\n<p><img loading=\"lazy\" decoding=\"async\" class=\"size-full wp-image-257 alignright\" src=\"http:\/\/paroisse-notredamedumarlois.fr\/wp-content\/uploads\/2025\/03\/sacrement-malades-vitrail.jpg\" alt=\"\" width=\"165\" height=\"273\" \/><\/p>\n<p><i>\u00ab Si l\u2019un de vous est malade, qu\u2019il fasse appeler les anciens de la communaut\u00e9 qui prieront pour lui en pratiquant une onction d\u2019huile au nom du Seigneur. Leurs pri\u00e8res, inspir\u00e9es par la foi, sauveront le malade, le Seigneur le rel\u00e8vera, et s\u2019il a commis des p\u00e9ch\u00e9s, ils lui seront pardonn\u00e9s. \u00bb Jc\u00a05, 14-15<\/i><\/p>\n<p><i>\u00a0<\/i>Gu\u00e9rison int\u00e9rieure,\u00a0<a href=\"https:\/\/eglise.catholique.fr\/glossaire\/reconciliation\/\">r\u00e9conciliation<\/a>\u00a0avec soi-m\u00eame, avec ses proches, avec Dieu, mais aussi parfois gu\u00e9rison physique ou mieux \u00eatre. Dans l\u2019onction, le Christ manifeste la tendresse du P\u00e8re pour celui qui souffre en donnant son Esprit, force pour lutter contre le mal.<\/p>\n<p>Tous les ans, l\u2019\u00e9glise c\u00e9l\u00e8bre le dimanche de la Sant\u00e9. A cette occasion, les personnes qui le souhaitent pourront recevoir le sacrement des malades pendant la messe dominicale (et en semaine). Tout au long de l&rsquo;ann\u00e9e, si vous \u00eates malades et ne pouvez vous d\u00e9placer, pour cet \u00e9v\u00e8nement, n\u2019h\u00e9sitez pas \u00e0 prendre contact avec la paroisse qui vous proposera des solutions.<\/p>\n","protected":false},"excerpt":{"rendered":"<p>Le\u00a0sacrement\u00a0de l\u2019onction des malades est assez m\u00e9connu, souvent associ\u00e9 \u00e0 l\u2019extr\u00eame onction (disparue avec Vatican II) et par cons\u00e9quent \u00e0 tout ce qui touche \u00e0 la mort et aux questions existentielles de l\u2019homme. Le\u00a0sacrement\u00a0des malades a pour but de donner une aide sp\u00e9ciale au chr\u00e9tien confront\u00e9 aux difficult\u00e9s d\u2019une maladie grave ou de la vieillesse.&nbsp;&hellip;<\/p>\n","protected":false},"author":1,"featured_media":0,"parent":17,"menu_order":0,"comment_status":"closed","ping_status":"closed","template":"","meta":{"footnotes":""},"class_list":["post-41","page","type-page","status-publish","hentry"],"_links":{"self":[{"href":"https:\/\/paroisse-notredamedumarlois.fr\/index.php\/wp-json\/wp\/v2\/pages\/41","targetHints":{"allow":["GET"]}}],"collection":[{"href":"https:\/\/paroisse-notredamedumarlois.fr\/index.php\/wp-json\/wp\/v2\/pages"}],"about":[{"href":"https:\/\/paroisse-notredamedumarlois.fr\/index.php\/wp-json\/wp\/v2\/types\/page"}],"author":[{"embeddable":true,"href":"https:\/\/paroisse-notredamedumarlois.fr\/index.php\/wp-json\/wp\/v2\/users\/1"}],"replies":[{"embeddable":true,"href":"https:\/\/paroisse-notredamedumarlois.fr\/index.php\/wp-json\/wp\/v2\/comments?post=41"}],"version-history":[{"count":3,"href":"https:\/\/paroisse-notredamedumarlois.fr\/index.php\/wp-json\/wp\/v2\/pages\/41\/revisions"}],"predecessor-version":[{"id":259,"href":"https:\/\/paroisse-notredamedumarlois.fr\/index.php\/wp-json\/wp\/v2\/pages\/41\/revisions\/259"}],"up":[{"embeddable":true,"href":"https:\/\/paroisse-notredamedumarlois.fr\/index.php\/wp-json\/wp\/v2\/pages\/17"}],"wp:attachment":[{"href":"https:\/\/paroisse-notredamedumarlois.fr\/index.php\/wp-json\/wp\/v2\/media?parent=41"}],"curies":[{"name":"wp","href":"https:\/\/api.w.org\/{rel}","templated":true}]}}