{"id":76,"date":"2024-05-09T17:16:53","date_gmt":"2024-05-09T15:16:53","guid":{"rendered":"https:\/\/paroisse-notredamedumarlois.fr\/?page_id=76"},"modified":"2024-09-07T16:49:49","modified_gmt":"2024-09-07T14:49:49","slug":"liens","status":"publish","type":"page","link":"https:\/\/paroisse-notredamedumarlois.fr\/index.php\/liens\/","title":{"rendered":"Liens"},"content":{"rendered":"\n<div class=\"wp-block-media-text is-stacked-on-mobile\"><figure class=\"wp-block-media-text__media\"><a href=\"https:\/\/www.soissons.catholique.fr\/\"><img loading=\"lazy\" decoding=\"async\" width=\"220\" height=\"80\" src=\"http:\/\/paroisse-notredamedumarlois.fr\/wp-content\/uploads\/2024\/05\/logo-soissons-diocese.png\" alt=\"\" class=\"wp-image-21 size-full\"\/><\/a><\/figure><div class=\"wp-block-media-text__content\">\n<div class=\"wp-block-media-text is-stacked-on-mobile\"><figure class=\"wp-block-media-text__media\"><a href=\"https:\/\/messes.info \"><img loading=\"lazy\" decoding=\"async\" width=\"300\" height=\"150\" src=\"http:\/\/paroisse-notredamedumarlois.fr\/wp-content\/uploads\/2024\/09\/logo-messe-info.png\" alt=\"\" class=\"wp-image-95 size-full\"\/><\/a><\/figure><div class=\"wp-block-media-text__content\"><!-- wp:paragraph--><div class=\"gridContainer\">\n<p>Pour retrouver les horaires des c\u00e9l\u00e9brations, dans notre Paroisse et partout en France, consultez Messes.info<\/p>\n<\/div><!-- \/wp:paragraph--><\/div><\/div>\n\n\n\n<div class=\"wp-block-media-text is-stacked-on-mobile\"><figure class=\"wp-block-media-text__media\"><a href=\"https:\/\/www.aelf.org\/\"><img loading=\"lazy\" decoding=\"async\" width=\"345\" height=\"54\" src=\"http:\/\/paroisse-notredamedumarlois.fr\/wp-content\/uploads\/2024\/09\/aelf.jpg\" alt=\"\" class=\"wp-image-96 size-full\" srcset=\"https:\/\/paroisse-notredamedumarlois.fr\/wp-content\/uploads\/2024\/09\/aelf.jpg 345w, https:\/\/paroisse-notredamedumarlois.fr\/wp-content\/uploads\/2024\/09\/aelf-300x47.jpg 300w\" sizes=\"auto, (max-width: 345px) 100vw, 345px\" \/><\/a><\/figure><div class=\"wp-block-media-text__content\"><!-- wp:paragraph {\"placeholder\":\"Contenu\u2026\"}--><div class=\"gridContainer\">\n<p>Vous pouvez consulter les textes de la liturgie sur le site de l&rsquo;AELF. <\/p>\n<\/div><!-- \/wp:paragraph--><\/div><\/div>\n\n\n<!-- wp:paragraph--><div class=\"gridContainer\">\n<p><\/p>\n<\/div><!-- \/wp:paragraph-->","protected":false},"excerpt":{"rendered":"<p>Le site du Dioc\u00e8se de Soissons, Laon et Saint-Quentin. Pour retrouver les horaires des c\u00e9l\u00e9brations, dans notre Paroisse et partout en France, consultez Messes.info Vous pouvez consulter les textes de la liturgie sur le site de l&rsquo;AELF.<\/p>\n","protected":false},"author":1,"featured_media":0,"parent":0,"menu_order":0,"comment_status":"closed","ping_status":"closed","template":"","meta":{"footnotes":""},"class_list":["post-76","page","type-page","status-publish","hentry"],"_links":{"self":[{"href":"https:\/\/paroisse-notredamedumarlois.fr\/index.php\/wp-json\/wp\/v2\/pages\/76","targetHints":{"allow":["GET"]}}],"collection":[{"href":"https:\/\/paroisse-notredamedumarlois.fr\/index.php\/wp-json\/wp\/v2\/pages"}],"about":[{"href":"https:\/\/paroisse-notredamedumarlois.fr\/index.php\/wp-json\/wp\/v2\/types\/page"}],"author":[{"embeddable":true,"href":"https:\/\/paroisse-notredamedumarlois.fr\/index.php\/wp-json\/wp\/v2\/users\/1"}],"replies":[{"embeddable":true,"href":"https:\/\/paroisse-notredamedumarlois.fr\/index.php\/wp-json\/wp\/v2\/comments?post=76"}],"version-history":[{"count":4,"href":"https:\/\/paroisse-notredamedumarlois.fr\/index.php\/wp-json\/wp\/v2\/pages\/76\/revisions"}],"predecessor-version":[{"id":98,"href":"https:\/\/paroisse-notredamedumarlois.fr\/index.php\/wp-json\/wp\/v2\/pages\/76\/revisions\/98"}],"wp:attachment":[{"href":"https:\/\/paroisse-notredamedumarlois.fr\/index.php\/wp-json\/wp\/v2\/media?parent=76"}],"curies":[{"name":"wp","href":"https:\/\/api.w.org\/{rel}","templated":true}]}}